{"id":1049,"date":"2022-02-14T02:33:54","date_gmt":"2022-02-14T02:33:54","guid":{"rendered":"https:\/\/juaccesoriosymoda.com\/?page_id=1049"},"modified":"2026-04-12T05:17:49","modified_gmt":"2026-04-12T05:17:49","slug":"contactanos","status":"publish","type":"page","link":"https:\/\/juaccesoriosymoda.com\/index.php\/contactanos\/","title":{"rendered":"Cont\u00e1ctanos"},"content":{"rendered":"\t\t<div data-elementor-type=\"wp-page\" data-elementor-id=\"1049\" class=\"elementor elementor-1049\">\n\t\t\t\t\t\t<section class=\"elementor-section elementor-top-section elementor-element elementor-element-492cfa7 elementor-section-boxed elementor-section-height-default elementor-section-height-default\" data-id=\"492cfa7\" data-element_type=\"section\">\n\t\t\t\t\t\t<div class=\"elementor-container elementor-column-gap-default\">\n\t\t\t\t\t<div class=\"elementor-column elementor-col-100 elementor-top-column elementor-element elementor-element-e12c814\" data-id=\"e12c814\" data-element_type=\"column\">\n\t\t\t<div class=\"elementor-widget-wrap elementor-element-populated\">\n\t\t\t\t\t\t<div class=\"elementor-element elementor-element-c552adf elementor-widget elementor-widget-text-editor\" data-id=\"c552adf\" data-element_type=\"widget\" data-widget_type=\"text-editor.default\">\n\t\t\t\t<div class=\"elementor-widget-container\">\n\t\t\t\t\t\t\t\t\t<p>Cont\u00e1ctanos<\/p>\t\t\t\t\t\t\t\t<\/div>\n\t\t\t\t<\/div>\n\t\t\t\t<div class=\"elementor-element elementor-element-526939d elementor-widget-divider--view-line elementor-widget elementor-widget-divider\" data-id=\"526939d\" data-element_type=\"widget\" data-widget_type=\"divider.default\">\n\t\t\t\t<div class=\"elementor-widget-container\">\n\t\t\t\t\t\t\t<div class=\"elementor-divider\">\n\t\t\t<span class=\"elementor-divider-separator\">\n\t\t\t\t\t\t<\/span>\n\t\t<\/div>\n\t\t\t\t\t\t<\/div>\n\t\t\t\t<\/div>\n\t\t\t\t\t<\/div>\n\t\t<\/div>\n\t\t\t\t\t<\/div>\n\t\t<\/section>\n\t\t\t\t<section class=\"elementor-section elementor-top-section elementor-element elementor-element-66f08d4 elementor-section-boxed elementor-section-height-default elementor-section-height-default\" data-id=\"66f08d4\" data-element_type=\"section\">\n\t\t\t\t\t\t<div class=\"elementor-container elementor-column-gap-default\">\n\t\t\t\t\t<div class=\"elementor-column elementor-col-100 elementor-top-column elementor-element elementor-element-3c699da\" data-id=\"3c699da\" data-element_type=\"column\">\n\t\t\t<div class=\"elementor-widget-wrap elementor-element-populated\">\n\t\t\t\t\t\t<div class=\"elementor-element elementor-element-1c4404e elementor-widget elementor-widget-text-editor\" data-id=\"1c4404e\" data-element_type=\"widget\" data-widget_type=\"text-editor.default\">\n\t\t\t\t<div class=\"elementor-widget-container\">\n\t\t\t\t\t\t\t\t\t<p><b>\u00a1ESTAMOS AQU\u00cd PARA TI!<\/b>&nbsp;<\/p>\n<p>Si tienes alguna duda, quieres hacer una petici\u00f3n especial, personalizar o reparar alg\u00fan dise\u00f1o&#8230; Escr\u00edbenos!<\/p>\n<p>D\u00e9janos tu mensaje y lo responderemos lo antes posible.<\/p>\t\t\t\t\t\t\t\t<\/div>\n\t\t\t\t<\/div>\n\t\t\t\t\t<\/div>\n\t\t<\/div>\n\t\t\t\t\t<\/div>\n\t\t<\/section>\n\t\t\t\t<section class=\"elementor-section elementor-top-section elementor-element elementor-element-0faef8d elementor-section-boxed elementor-section-height-default elementor-section-height-default\" data-id=\"0faef8d\" data-element_type=\"section\">\n\t\t\t\t\t\t<div class=\"elementor-container elementor-column-gap-default\">\n\t\t\t\t\t<div class=\"elementor-column elementor-col-50 elementor-top-column elementor-element elementor-element-a0da822\" data-id=\"a0da822\" data-element_type=\"column\">\n\t\t\t<div class=\"elementor-widget-wrap elementor-element-populated\">\n\t\t\t\t\t\t<div class=\"elementor-element elementor-element-39d99c3 elementor-button-align-center elementor-widget elementor-widget-form\" data-id=\"39d99c3\" data-element_type=\"widget\" data-settings=\"{&quot;step_next_label&quot;:&quot;Next&quot;,&quot;step_previous_label&quot;:&quot;Previous&quot;,&quot;button_width&quot;:&quot;100&quot;,&quot;step_type&quot;:&quot;number_text&quot;,&quot;step_icon_shape&quot;:&quot;circle&quot;}\" data-widget_type=\"form.default\">\n\t\t\t\t<div class=\"elementor-widget-container\">\n\t\t\t\t\t\t\t<form class=\"elementor-form\" method=\"post\" name=\"New Form\">\n\t\t\t<input type=\"hidden\" name=\"post_id\" value=\"1049\"\/>\n\t\t\t<input type=\"hidden\" name=\"form_id\" value=\"39d99c3\"\/>\n\t\t\t<input type=\"hidden\" name=\"referer_title\" value=\"\" \/>\n\n\t\t\t\n\t\t\t<div class=\"elementor-form-fields-wrapper elementor-labels-above\">\n\t\t\t\t\t\t\t\t<div class=\"elementor-field-type-text elementor-field-group elementor-column elementor-field-group-name elementor-col-100\">\n\t\t\t\t\t\t\t\t\t\t\t\t\t<input size=\"1\" type=\"text\" name=\"form_fields[name]\" id=\"form-field-name\" class=\"elementor-field elementor-size-sm  elementor-field-textual\" placeholder=\"NOMBRE COMPLETO\">\n\t\t\t\t\t\t\t\t\t\t\t<\/div>\n\t\t\t\t\t\t\t\t<div class=\"elementor-field-type-number elementor-field-group elementor-column elementor-field-group-email elementor-col-100 elementor-field-required\">\n\t\t\t\t\t\t\t\t<input type=\"number\" name=\"form_fields[email]\" id=\"form-field-email\" class=\"elementor-field elementor-size-sm  elementor-field-textual\" placeholder=\"CELULAR \/ WHATSAPP\" required=\"required\" aria-required=\"true\" min=\"\" max=\"\" >\n\t\t\t\t\t\t<\/div>\n\t\t\t\t\t\t\t\t<div class=\"elementor-field-type-email elementor-field-group elementor-column elementor-field-group-field_6fda0ca elementor-col-100\">\n\t\t\t\t\t\t\t\t\t\t\t\t\t<input size=\"1\" type=\"email\" name=\"form_fields[field_6fda0ca]\" id=\"form-field-field_6fda0ca\" class=\"elementor-field elementor-size-sm  elementor-field-textual\" placeholder=\"EMAIL \/ CORREO ELECTRONICO\">\n\t\t\t\t\t\t\t\t\t\t\t<\/div>\n\t\t\t\t\t\t\t\t<div class=\"elementor-field-type-textarea elementor-field-group elementor-column elementor-field-group-message elementor-col-100\">\n\t\t\t\t\t<textarea class=\"elementor-field-textual elementor-field  elementor-size-sm\" name=\"form_fields[message]\" id=\"form-field-message\" rows=\"4\" placeholder=\"MENSAJE\"><\/textarea>\t\t\t\t<\/div>\n\t\t\t\t\t\t\t\t<div class=\"elementor-field-group elementor-column elementor-field-type-submit elementor-col-100 e-form__buttons\">\n\t\t\t\t\t<button type=\"submit\" class=\"elementor-button elementor-size-sm elementor-animation-grow\">\n\t\t\t\t\t\t<span >\n\t\t\t\t\t\t\t\t\t\t\t\t\t\t\t<span class=\" elementor-button-icon\">\n\t\t\t\t\t\t\t\t\t\t\t\t\t\t\t\t\t\t\t\t\t\t\t\t\t\t<\/span>\n\t\t\t\t\t\t\t\t\t\t\t\t\t\t\t\t\t\t\t\t\t\t<span class=\"elementor-button-text\">Enviar<\/span>\n\t\t\t\t\t\t\t\t\t\t\t\t\t<\/span>\n\t\t\t\t\t<\/button>\n\t\t\t\t<\/div>\n\t\t\t<\/div>\n\t\t<\/form>\n\t\t\t\t\t\t<\/div>\n\t\t\t\t<\/div>\n\t\t\t\t\t<\/div>\n\t\t<\/div>\n\t\t\t\t<div class=\"elementor-column elementor-col-50 elementor-top-column elementor-element elementor-element-1436437\" data-id=\"1436437\" data-element_type=\"column\">\n\t\t\t<div class=\"elementor-widget-wrap elementor-element-populated\">\n\t\t\t\t\t\t<div class=\"elementor-element elementor-element-2cffc4c elementor-widget elementor-widget-text-editor\" data-id=\"2cffc4c\" data-element_type=\"widget\" data-widget_type=\"text-editor.default\">\n\t\t\t\t<div class=\"elementor-widget-container\">\n\t\t\t\t\t\t\t\t\t<p style=\"text-align: center;\">Tambi\u00e9n puedes contactarnos a nuestro<\/p><p style=\"text-align: center;\">\u00a0Whatsapp\u00a0\u00a0<b>+57 311 607 2046<\/b><\/p><p style=\"text-align: center;\">Instagram\u00a0<b>@juli.urbanoaym\u00a0<\/b><\/p><p style=\"text-align: center;\">Email<b> juaccesoriosymoda19@hotmail.<wbr \/>com<\/b><\/p><p>\u00a0<\/p><p style=\"text-align: center;\"><b>\u00a0<\/b><b style=\"color: #993366;\">\u00a1Cont\u00e1ctanos, con gusto te atenderemos!<\/b><\/p><p style=\"text-align: center;\"><span style=\"color: #993366;\"><b>\u00a0<\/b><\/span>|SOMOS TIENDA VIRTUAL|<\/p><p style=\"text-align: center;\">|Ubicada en Popay\u00e1n \/ Cauca \/ Colombia|<\/p>\t\t\t\t\t\t\t\t<\/div>\n\t\t\t\t<\/div>\n\t\t\t\t\t<\/div>\n\t\t<\/div>\n\t\t\t\t\t<\/div>\n\t\t<\/section>\n\t\t\t\t<\/div>\n\t\t","protected":false},"excerpt":{"rendered":"<p>Cont\u00e1ctanos \u00a1ESTAMOS AQU\u00cd PARA TI!&nbsp; Si tienes alguna duda, quieres hacer una petici\u00f3n especial, personalizar o reparar alg\u00fan dise\u00f1o&#8230; Escr\u00edbenos! D\u00e9janos tu [&hellip;]<\/p>\n","protected":false},"author":1,"featured_media":0,"parent":0,"menu_order":0,"comment_status":"closed","ping_status":"closed","template":"elementor_header_footer","meta":{"footnotes":""},"jetpack_sharing_enabled":true,"_links":{"self":[{"href":"https:\/\/juaccesoriosymoda.com\/index.php\/wp-json\/wp\/v2\/pages\/1049"}],"collection":[{"href":"https:\/\/juaccesoriosymoda.com\/index.php\/wp-json\/wp\/v2\/pages"}],"about":[{"href":"https:\/\/juaccesoriosymoda.com\/index.php\/wp-json\/wp\/v2\/types\/page"}],"author":[{"embeddable":true,"href":"https:\/\/juaccesoriosymoda.com\/index.php\/wp-json\/wp\/v2\/users\/1"}],"replies":[{"embeddable":true,"href":"https:\/\/juaccesoriosymoda.com\/index.php\/wp-json\/wp\/v2\/comments?post=1049"}],"version-history":[{"count":115,"href":"https:\/\/juaccesoriosymoda.com\/index.php\/wp-json\/wp\/v2\/pages\/1049\/revisions"}],"predecessor-version":[{"id":7409,"href":"https:\/\/juaccesoriosymoda.com\/index.php\/wp-json\/wp\/v2\/pages\/1049\/revisions\/7409"}],"wp:attachment":[{"href":"https:\/\/juaccesoriosymoda.com\/index.php\/wp-json\/wp\/v2\/media?parent=1049"}],"curies":[{"name":"wp","href":"https:\/\/api.w.org\/{rel}","templated":true}]}}