{"id":1231,"date":"2022-02-18T01:04:01","date_gmt":"2022-02-18T01:04:01","guid":{"rendered":"https:\/\/juaccesoriosymoda.com\/?page_id=1231"},"modified":"2026-04-12T05:37:13","modified_gmt":"2026-04-12T05:37:13","slug":"metodos-de-pago","status":"publish","type":"page","link":"https:\/\/juaccesoriosymoda.com\/index.php\/metodos-de-pago\/","title":{"rendered":"Metodos de pago"},"content":{"rendered":"\t\t<div data-elementor-type=\"wp-page\" data-elementor-id=\"1231\" class=\"elementor elementor-1231\">\n\t\t\t\t\t\t<section class=\"elementor-section elementor-top-section elementor-element elementor-element-6564d1c elementor-section-boxed elementor-section-height-default elementor-section-height-default\" data-id=\"6564d1c\" data-element_type=\"section\">\n\t\t\t\t\t\t<div class=\"elementor-container elementor-column-gap-default\">\n\t\t\t\t\t<div class=\"elementor-column elementor-col-100 elementor-top-column elementor-element elementor-element-ee1ff4a\" data-id=\"ee1ff4a\" data-element_type=\"column\">\n\t\t\t<div class=\"elementor-widget-wrap elementor-element-populated\">\n\t\t\t\t\t\t<div class=\"elementor-element elementor-element-bcbd198 elementor-widget elementor-widget-text-editor\" data-id=\"bcbd198\" data-element_type=\"widget\" data-widget_type=\"text-editor.default\">\n\t\t\t\t<div class=\"elementor-widget-container\">\n\t\t\t\t\t\t\t\t\t<p>Medios de Pago<\/p>\t\t\t\t\t\t\t\t<\/div>\n\t\t\t\t<\/div>\n\t\t\t\t<div class=\"elementor-element elementor-element-1823005 elementor-widget-divider--view-line elementor-widget elementor-widget-divider\" data-id=\"1823005\" data-element_type=\"widget\" data-widget_type=\"divider.default\">\n\t\t\t\t<div class=\"elementor-widget-container\">\n\t\t\t\t\t\t\t<div class=\"elementor-divider\">\n\t\t\t<span class=\"elementor-divider-separator\">\n\t\t\t\t\t\t<\/span>\n\t\t<\/div>\n\t\t\t\t\t\t<\/div>\n\t\t\t\t<\/div>\n\t\t\t\t\t<\/div>\n\t\t<\/div>\n\t\t\t\t\t<\/div>\n\t\t<\/section>\n\t\t\t\t<section class=\"elementor-section elementor-top-section elementor-element elementor-element-899b2b4 elementor-section-boxed elementor-section-height-default elementor-section-height-default\" data-id=\"899b2b4\" data-element_type=\"section\">\n\t\t\t\t\t\t<div class=\"elementor-container elementor-column-gap-default\">\n\t\t\t\t\t<div class=\"elementor-column elementor-col-100 elementor-top-column elementor-element elementor-element-fe47630\" data-id=\"fe47630\" data-element_type=\"column\">\n\t\t\t<div class=\"elementor-widget-wrap elementor-element-populated\">\n\t\t\t\t\t\t<div class=\"elementor-element elementor-element-2e3b6c5 elementor-widget elementor-widget-text-editor\" data-id=\"2e3b6c5\" data-element_type=\"widget\" data-widget_type=\"text-editor.default\">\n\t\t\t\t<div class=\"elementor-widget-container\">\n\t\t\t\t\t\t\t\t\t<p style=\"font-weight: 400;\">\u00a1Aceptamos todos los medios de pago a trav\u00e9s de nuestra plataforma <strong>WOMPI!<\/strong><\/p>\t\t\t\t\t\t\t\t<\/div>\n\t\t\t\t<\/div>\n\t\t\t\t<div class=\"elementor-element elementor-element-f429af1 elementor-widget elementor-widget-text-editor\" data-id=\"f429af1\" data-element_type=\"widget\" data-widget_type=\"text-editor.default\">\n\t\t\t\t<div class=\"elementor-widget-container\">\n\t\t\t\t\t\t\t\t\t<p>Tarjetas debito o cr\u00e9dito<\/p>\t\t\t\t\t\t\t\t<\/div>\n\t\t\t\t<\/div>\n\t\t\t\t\t<\/div>\n\t\t<\/div>\n\t\t\t\t\t<\/div>\n\t\t<\/section>\n\t\t\t\t<section class=\"elementor-section elementor-top-section elementor-element elementor-element-89fc1df elementor-section-boxed elementor-section-height-default elementor-section-height-default\" data-id=\"89fc1df\" data-element_type=\"section\">\n\t\t\t\t\t\t<div class=\"elementor-container elementor-column-gap-default\">\n\t\t\t\t\t<div class=\"elementor-column elementor-col-100 elementor-top-column elementor-element elementor-element-27957b8\" data-id=\"27957b8\" data-element_type=\"column\">\n\t\t\t<div class=\"elementor-widget-wrap elementor-element-populated\">\n\t\t\t\t\t\t<div class=\"elementor-element elementor-element-0eb112a elementor-widget elementor-widget-image\" data-id=\"0eb112a\" data-element_type=\"widget\" data-widget_type=\"image.default\">\n\t\t\t\t<div class=\"elementor-widget-container\">\n\t\t\t\t\t\t\t\t\t\t\t\t\t\t\t<img decoding=\"async\" width=\"366\" height=\"60\" src=\"https:\/\/juaccesoriosymoda.com\/wp-content\/uploads\/2022\/02\/Tarjetas.webp\" class=\"attachment-large size-large wp-image-1236\" alt=\"\" srcset=\"https:\/\/juaccesoriosymoda.com\/wp-content\/uploads\/2022\/02\/Tarjetas.webp 366w, https:\/\/juaccesoriosymoda.com\/wp-content\/uploads\/2022\/02\/Tarjetas-350x57.webp 350w, https:\/\/juaccesoriosymoda.com\/wp-content\/uploads\/2022\/02\/Tarjetas-300x49.webp 300w, https:\/\/juaccesoriosymoda.com\/wp-content\/uploads\/2022\/02\/Tarjetas-230x38.webp 230w\" sizes=\"(max-width: 366px) 100vw, 366px\" \/>\t\t\t\t\t\t\t\t\t\t\t\t\t\t\t<\/div>\n\t\t\t\t<\/div>\n\t\t\t\t\t<\/div>\n\t\t<\/div>\n\t\t\t\t\t<\/div>\n\t\t<\/section>\n\t\t\t\t<section class=\"elementor-section elementor-top-section elementor-element elementor-element-4ec9d87 elementor-section-boxed elementor-section-height-default elementor-section-height-default\" data-id=\"4ec9d87\" data-element_type=\"section\">\n\t\t\t\t\t\t<div class=\"elementor-container elementor-column-gap-default\">\n\t\t\t\t\t<div class=\"elementor-column elementor-col-100 elementor-top-column elementor-element elementor-element-a87e15c\" data-id=\"a87e15c\" data-element_type=\"column\">\n\t\t\t<div class=\"elementor-widget-wrap elementor-element-populated\">\n\t\t\t\t\t\t<div class=\"elementor-element elementor-element-26c9478 elementor-widget elementor-widget-text-editor\" data-id=\"26c9478\" data-element_type=\"widget\" data-widget_type=\"text-editor.default\">\n\t\t\t\t<div class=\"elementor-widget-container\">\n\t\t\t\t\t\t\t\t\t<p>D\u00e9bito bancario<\/p>\t\t\t\t\t\t\t\t<\/div>\n\t\t\t\t<\/div>\n\t\t\t\t\t<\/div>\n\t\t<\/div>\n\t\t\t\t\t<\/div>\n\t\t<\/section>\n\t\t\t\t<section class=\"elementor-section elementor-top-section elementor-element elementor-element-8d3ebcd elementor-section-boxed elementor-section-height-default elementor-section-height-default\" data-id=\"8d3ebcd\" data-element_type=\"section\">\n\t\t\t\t\t\t<div class=\"elementor-container elementor-column-gap-default\">\n\t\t\t\t\t<div class=\"elementor-column elementor-col-100 elementor-top-column elementor-element elementor-element-5b22cb7\" data-id=\"5b22cb7\" data-element_type=\"column\">\n\t\t\t<div class=\"elementor-widget-wrap elementor-element-populated\">\n\t\t\t\t\t\t<div class=\"elementor-element elementor-element-d618743 elementor-widget elementor-widget-image\" data-id=\"d618743\" data-element_type=\"widget\" data-widget_type=\"image.default\">\n\t\t\t\t<div class=\"elementor-widget-container\">\n\t\t\t\t\t\t\t\t\t\t\t\t\t\t\t<img decoding=\"async\" width=\"300\" height=\"100\" src=\"https:\/\/juaccesoriosymoda.com\/wp-content\/uploads\/2022\/02\/pse-nequi-daviplata-300x100.webp\" class=\"attachment-medium size-medium wp-image-1237\" alt=\"\" srcset=\"https:\/\/juaccesoriosymoda.com\/wp-content\/uploads\/2022\/02\/pse-nequi-daviplata-300x100.webp 300w, https:\/\/juaccesoriosymoda.com\/wp-content\/uploads\/2022\/02\/pse-nequi-daviplata-800x267.webp 800w, https:\/\/juaccesoriosymoda.com\/wp-content\/uploads\/2022\/02\/pse-nequi-daviplata-768x257.webp 768w, https:\/\/juaccesoriosymoda.com\/wp-content\/uploads\/2022\/02\/pse-nequi-daviplata-920x307.webp 920w, https:\/\/juaccesoriosymoda.com\/wp-content\/uploads\/2022\/02\/pse-nequi-daviplata-230x77.webp 230w, https:\/\/juaccesoriosymoda.com\/wp-content\/uploads\/2022\/02\/pse-nequi-daviplata-350x117.webp 350w, https:\/\/juaccesoriosymoda.com\/wp-content\/uploads\/2022\/02\/pse-nequi-daviplata-480x160.webp 480w, https:\/\/juaccesoriosymoda.com\/wp-content\/uploads\/2022\/02\/pse-nequi-daviplata-600x200.webp 600w, https:\/\/juaccesoriosymoda.com\/wp-content\/uploads\/2022\/02\/pse-nequi-daviplata.webp 1024w\" sizes=\"(max-width: 300px) 100vw, 300px\" \/>\t\t\t\t\t\t\t\t\t\t\t\t\t\t\t<\/div>\n\t\t\t\t<\/div>\n\t\t\t\t\t<\/div>\n\t\t<\/div>\n\t\t\t\t\t<\/div>\n\t\t<\/section>\n\t\t\t\t<section class=\"elementor-section elementor-top-section elementor-element elementor-element-7ad1f1d elementor-section-boxed elementor-section-height-default elementor-section-height-default\" data-id=\"7ad1f1d\" data-element_type=\"section\">\n\t\t\t\t\t\t<div class=\"elementor-container elementor-column-gap-default\">\n\t\t\t\t\t<div class=\"elementor-column elementor-col-100 elementor-top-column elementor-element elementor-element-e883d1a\" data-id=\"e883d1a\" data-element_type=\"column\">\n\t\t\t<div class=\"elementor-widget-wrap elementor-element-populated\">\n\t\t\t\t\t\t<div class=\"elementor-element elementor-element-01e83b2 elementor-widget elementor-widget-text-editor\" data-id=\"01e83b2\" data-element_type=\"widget\" data-widget_type=\"text-editor.default\">\n\t\t\t\t<div class=\"elementor-widget-container\">\n\t\t\t\t\t\t\t\t\t<p>Pago en efectivo<\/p>\t\t\t\t\t\t\t\t<\/div>\n\t\t\t\t<\/div>\n\t\t\t\t\t<\/div>\n\t\t<\/div>\n\t\t\t\t\t<\/div>\n\t\t<\/section>\n\t\t\t\t<section class=\"elementor-section elementor-top-section elementor-element elementor-element-b4d222e elementor-section-boxed elementor-section-height-default elementor-section-height-default\" data-id=\"b4d222e\" data-element_type=\"section\">\n\t\t\t\t\t\t<div class=\"elementor-container elementor-column-gap-default\">\n\t\t\t\t\t<div class=\"elementor-column elementor-col-100 elementor-top-column elementor-element elementor-element-bf9d90a\" data-id=\"bf9d90a\" data-element_type=\"column\">\n\t\t\t<div class=\"elementor-widget-wrap elementor-element-populated\">\n\t\t\t\t\t\t<div class=\"elementor-element elementor-element-610fbc6 elementor-widget elementor-widget-image\" data-id=\"610fbc6\" data-element_type=\"widget\" data-widget_type=\"image.default\">\n\t\t\t\t<div class=\"elementor-widget-container\">\n\t\t\t\t\t\t\t\t\t\t\t\t\t\t\t<img fetchpriority=\"high\" decoding=\"async\" width=\"526\" height=\"194\" src=\"https:\/\/juaccesoriosymoda.com\/wp-content\/uploads\/2022\/02\/Efectivo.webp\" class=\"attachment-large size-large wp-image-1235\" alt=\"\" srcset=\"https:\/\/juaccesoriosymoda.com\/wp-content\/uploads\/2022\/02\/Efectivo.webp 526w, https:\/\/juaccesoriosymoda.com\/wp-content\/uploads\/2022\/02\/Efectivo-350x129.webp 350w, https:\/\/juaccesoriosymoda.com\/wp-content\/uploads\/2022\/02\/Efectivo-300x111.webp 300w, https:\/\/juaccesoriosymoda.com\/wp-content\/uploads\/2022\/02\/Efectivo-230x85.webp 230w, https:\/\/juaccesoriosymoda.com\/wp-content\/uploads\/2022\/02\/Efectivo-480x177.webp 480w\" sizes=\"(max-width: 526px) 100vw, 526px\" \/>\t\t\t\t\t\t\t\t\t\t\t\t\t\t\t<\/div>\n\t\t\t\t<\/div>\n\t\t\t\t\t<\/div>\n\t\t<\/div>\n\t\t\t\t\t<\/div>\n\t\t<\/section>\n\t\t\t\t<section class=\"elementor-section elementor-top-section elementor-element elementor-element-fceb63f elementor-section-boxed elementor-section-height-default elementor-section-height-default\" data-id=\"fceb63f\" data-element_type=\"section\">\n\t\t\t\t\t\t<div class=\"elementor-container elementor-column-gap-default\">\n\t\t\t\t\t<div class=\"elementor-column elementor-col-100 elementor-top-column elementor-element elementor-element-750d711\" data-id=\"750d711\" data-element_type=\"column\">\n\t\t\t<div class=\"elementor-widget-wrap elementor-element-populated\">\n\t\t\t\t\t\t<div class=\"elementor-element elementor-element-793cf9e elementor-widget elementor-widget-text-editor\" data-id=\"793cf9e\" data-element_type=\"widget\" data-widget_type=\"text-editor.default\">\n\t\t\t\t<div class=\"elementor-widget-container\">\n\t\t\t\t\t\t\t\t\t<p>Pago en bancos<\/p>\t\t\t\t\t\t\t\t<\/div>\n\t\t\t\t<\/div>\n\t\t\t\t\t<\/div>\n\t\t<\/div>\n\t\t\t\t\t<\/div>\n\t\t<\/section>\n\t\t\t\t<section class=\"elementor-section elementor-top-section elementor-element elementor-element-ec709e9 elementor-section-boxed elementor-section-height-default elementor-section-height-default\" data-id=\"ec709e9\" data-element_type=\"section\">\n\t\t\t\t\t\t<div class=\"elementor-container elementor-column-gap-default\">\n\t\t\t\t\t<div class=\"elementor-column elementor-col-100 elementor-top-column elementor-element elementor-element-092c053\" data-id=\"092c053\" data-element_type=\"column\">\n\t\t\t<div class=\"elementor-widget-wrap elementor-element-populated\">\n\t\t\t\t\t\t<div class=\"elementor-element elementor-element-cfad301 elementor-widget elementor-widget-image\" data-id=\"cfad301\" data-element_type=\"widget\" data-widget_type=\"image.default\">\n\t\t\t\t<div class=\"elementor-widget-container\">\n\t\t\t\t\t\t\t\t\t\t\t\t\t\t\t<img loading=\"lazy\" decoding=\"async\" width=\"398\" height=\"70\" src=\"https:\/\/juaccesoriosymoda.com\/wp-content\/uploads\/2022\/02\/Bancos.webp\" class=\"attachment-large size-large wp-image-1234\" alt=\"\" srcset=\"https:\/\/juaccesoriosymoda.com\/wp-content\/uploads\/2022\/02\/Bancos.webp 398w, https:\/\/juaccesoriosymoda.com\/wp-content\/uploads\/2022\/02\/Bancos-350x62.webp 350w, https:\/\/juaccesoriosymoda.com\/wp-content\/uploads\/2022\/02\/Bancos-300x53.webp 300w, https:\/\/juaccesoriosymoda.com\/wp-content\/uploads\/2022\/02\/Bancos-230x40.webp 230w\" sizes=\"(max-width: 398px) 100vw, 398px\" \/>\t\t\t\t\t\t\t\t\t\t\t\t\t\t\t<\/div>\n\t\t\t\t<\/div>\n\t\t\t\t\t<\/div>\n\t\t<\/div>\n\t\t\t\t\t<\/div>\n\t\t<\/section>\n\t\t\t\t<\/div>\n\t\t","protected":false},"excerpt":{"rendered":"<p>Medios de Pago \u00a1Aceptamos todos los medios de pago a trav\u00e9s de nuestra plataforma WOMPI! Tarjetas debito o cr\u00e9dito D\u00e9bito bancario Pago [&hellip;]<\/p>\n","protected":false},"author":1,"featured_media":0,"parent":0,"menu_order":0,"comment_status":"closed","ping_status":"closed","template":"elementor_header_footer","meta":{"footnotes":""},"jetpack_sharing_enabled":true,"_links":{"self":[{"href":"https:\/\/juaccesoriosymoda.com\/index.php\/wp-json\/wp\/v2\/pages\/1231"}],"collection":[{"href":"https:\/\/juaccesoriosymoda.com\/index.php\/wp-json\/wp\/v2\/pages"}],"about":[{"href":"https:\/\/juaccesoriosymoda.com\/index.php\/wp-json\/wp\/v2\/types\/page"}],"author":[{"embeddable":true,"href":"https:\/\/juaccesoriosymoda.com\/index.php\/wp-json\/wp\/v2\/users\/1"}],"replies":[{"embeddable":true,"href":"https:\/\/juaccesoriosymoda.com\/index.php\/wp-json\/wp\/v2\/comments?post=1231"}],"version-history":[{"count":34,"href":"https:\/\/juaccesoriosymoda.com\/index.php\/wp-json\/wp\/v2\/pages\/1231\/revisions"}],"predecessor-version":[{"id":7419,"href":"https:\/\/juaccesoriosymoda.com\/index.php\/wp-json\/wp\/v2\/pages\/1231\/revisions\/7419"}],"wp:attachment":[{"href":"https:\/\/juaccesoriosymoda.com\/index.php\/wp-json\/wp\/v2\/media?parent=1231"}],"curies":[{"name":"wp","href":"https:\/\/api.w.org\/{rel}","templated":true}]}}