{"id":3249,"date":"2022-12-16T04:24:15","date_gmt":"2022-12-16T04:24:15","guid":{"rendered":"https:\/\/juaccesoriosymoda.com\/?page_id=3249"},"modified":"2025-12-08T05:04:27","modified_gmt":"2025-12-08T05:04:27","slug":"christmas-gift","status":"publish","type":"page","link":"https:\/\/juaccesoriosymoda.com\/index.php\/christmas-gift\/","title":{"rendered":"Christmas Gift"},"content":{"rendered":"\t\t<div data-elementor-type=\"wp-page\" data-elementor-id=\"3249\" class=\"elementor elementor-3249\">\n\t\t\t\t\t\t<section class=\"elementor-section elementor-top-section elementor-element elementor-element-d4aeae4 elementor-section-boxed elementor-section-height-default elementor-section-height-default\" data-id=\"d4aeae4\" data-element_type=\"section\">\n\t\t\t\t\t\t<div class=\"elementor-container elementor-column-gap-default\">\n\t\t\t\t\t<div class=\"elementor-column elementor-col-100 elementor-top-column elementor-element elementor-element-adfb54e\" data-id=\"adfb54e\" data-element_type=\"column\">\n\t\t\t<div class=\"elementor-widget-wrap elementor-element-populated\">\n\t\t\t\t\t\t<div class=\"elementor-element elementor-element-bb3e038 elementor-widget elementor-widget-text-editor\" data-id=\"bb3e038\" data-element_type=\"widget\" data-widget_type=\"text-editor.default\">\n\t\t\t\t<div class=\"elementor-widget-container\">\n\t\t\t\t\t\t\t\t\t<p>Christmas Gift<\/p>\t\t\t\t\t\t\t\t<\/div>\n\t\t\t\t<\/div>\n\t\t\t\t<div class=\"elementor-element elementor-element-52c5ef8 elementor-widget-divider--view-line elementor-widget elementor-widget-divider\" data-id=\"52c5ef8\" data-element_type=\"widget\" data-widget_type=\"divider.default\">\n\t\t\t\t<div class=\"elementor-widget-container\">\n\t\t\t\t\t\t\t<div class=\"elementor-divider\">\n\t\t\t<span class=\"elementor-divider-separator\">\n\t\t\t\t\t\t<\/span>\n\t\t<\/div>\n\t\t\t\t\t\t<\/div>\n\t\t\t\t<\/div>\n\t\t\t\t\t<\/div>\n\t\t<\/div>\n\t\t\t\t\t<\/div>\n\t\t<\/section>\n\t\t\t\t<section class=\"elementor-section elementor-top-section elementor-element elementor-element-424c6cb elementor-section-boxed elementor-section-height-default elementor-section-height-default\" data-id=\"424c6cb\" data-element_type=\"section\">\n\t\t\t\t\t\t<div class=\"elementor-container elementor-column-gap-default\">\n\t\t\t\t\t<div class=\"elementor-column elementor-col-100 elementor-top-column elementor-element elementor-element-91d5a5e\" data-id=\"91d5a5e\" data-element_type=\"column\">\n\t\t\t<div class=\"elementor-widget-wrap elementor-element-populated\">\n\t\t\t\t\t\t<div class=\"elementor-element elementor-element-560f66a elementor-widget elementor-widget-text-editor\" data-id=\"560f66a\" data-element_type=\"widget\" data-widget_type=\"text-editor.default\">\n\t\t\t\t<div class=\"elementor-widget-container\">\n\t\t\t\t\t\t\t\t\t<p>Esta navidad regala tesoros llenos de amor, queremos que sientas la conexi\u00f3n y la magia de la navidad al momento de recibir cada uno de nuestros detalles.<\/p>\t\t\t\t\t\t\t\t<\/div>\n\t\t\t\t<\/div>\n\t\t\t\t\t<\/div>\n\t\t<\/div>\n\t\t\t\t\t<\/div>\n\t\t<\/section>\n\t\t\t\t<section class=\"elementor-section elementor-top-section elementor-element elementor-element-ed9bdf1 elementor-section-boxed elementor-section-height-default elementor-section-height-default\" data-id=\"ed9bdf1\" data-element_type=\"section\">\n\t\t\t\t\t\t<div class=\"elementor-container elementor-column-gap-default\">\n\t\t\t\t\t<div class=\"elementor-column elementor-col-33 elementor-top-column elementor-element elementor-element-d2349f5\" data-id=\"d2349f5\" data-element_type=\"column\">\n\t\t\t<div class=\"elementor-widget-wrap elementor-element-populated\">\n\t\t\t\t\t\t<div class=\"elementor-element elementor-element-6de7ec9 elementor-widget elementor-widget-image\" data-id=\"6de7ec9\" data-element_type=\"widget\" data-widget_type=\"image.default\">\n\t\t\t\t<div class=\"elementor-widget-container\">\n\t\t\t\t\t\t\t\t\t\t\t\t\t\t\t<img fetchpriority=\"high\" decoding=\"async\" width=\"768\" height=\"1024\" src=\"https:\/\/juaccesoriosymoda.com\/wp-content\/uploads\/2025\/12\/Empaques-navidenos-2025-768x1024.webp\" class=\"attachment-large size-large wp-image-7202\" alt=\"\" srcset=\"https:\/\/juaccesoriosymoda.com\/wp-content\/uploads\/2025\/12\/Empaques-navidenos-2025-768x1024.webp 768w, https:\/\/juaccesoriosymoda.com\/wp-content\/uploads\/2025\/12\/Empaques-navidenos-2025-225x300.webp 225w, https:\/\/juaccesoriosymoda.com\/wp-content\/uploads\/2025\/12\/Empaques-navidenos-2025-1152x1536.webp 1152w, https:\/\/juaccesoriosymoda.com\/wp-content\/uploads\/2025\/12\/Empaques-navidenos-2025-1536x2048.webp 1536w, https:\/\/juaccesoriosymoda.com\/wp-content\/uploads\/2025\/12\/Empaques-navidenos-2025-1000x1333.webp 1000w, https:\/\/juaccesoriosymoda.com\/wp-content\/uploads\/2025\/12\/Empaques-navidenos-2025-230x307.webp 230w, https:\/\/juaccesoriosymoda.com\/wp-content\/uploads\/2025\/12\/Empaques-navidenos-2025-350x467.webp 350w, https:\/\/juaccesoriosymoda.com\/wp-content\/uploads\/2025\/12\/Empaques-navidenos-2025-480x640.webp 480w, https:\/\/juaccesoriosymoda.com\/wp-content\/uploads\/2025\/12\/Empaques-navidenos-2025-800x1067.webp 800w, https:\/\/juaccesoriosymoda.com\/wp-content\/uploads\/2025\/12\/Empaques-navidenos-2025-scaled.webp 1920w\" sizes=\"(max-width: 768px) 100vw, 768px\" \/>\t\t\t\t\t\t\t\t\t\t\t\t\t\t\t<\/div>\n\t\t\t\t<\/div>\n\t\t\t\t<div class=\"elementor-element elementor-element-c18eb8e elementor-widget elementor-widget-heading\" data-id=\"c18eb8e\" data-element_type=\"widget\" data-widget_type=\"heading.default\">\n\t\t\t\t<div class=\"elementor-widget-container\">\n\t\t\t\t\t<h1 class=\"elementor-heading-title elementor-size-default\">Empaque navide\u00f1o<\/h1>\t\t\t\t<\/div>\n\t\t\t\t<\/div>\n\t\t\t\t\t<\/div>\n\t\t<\/div>\n\t\t\t\t<div class=\"elementor-column elementor-col-33 elementor-top-column elementor-element elementor-element-4c7cf8e\" data-id=\"4c7cf8e\" data-element_type=\"column\">\n\t\t\t<div class=\"elementor-widget-wrap elementor-element-populated\">\n\t\t\t\t\t\t<div class=\"elementor-element elementor-element-0bacc7c elementor-widget elementor-widget-image\" data-id=\"0bacc7c\" data-element_type=\"widget\" data-widget_type=\"image.default\">\n\t\t\t\t<div class=\"elementor-widget-container\">\n\t\t\t\t\t\t\t\t\t\t\t\t\t\t\t<img decoding=\"async\" width=\"768\" height=\"1024\" src=\"https:\/\/juaccesoriosymoda.com\/wp-content\/uploads\/2025\/12\/detalle-navideno-2025-768x1024.webp\" class=\"attachment-large size-large wp-image-7203\" alt=\"\" srcset=\"https:\/\/juaccesoriosymoda.com\/wp-content\/uploads\/2025\/12\/detalle-navideno-2025-768x1024.webp 768w, https:\/\/juaccesoriosymoda.com\/wp-content\/uploads\/2025\/12\/detalle-navideno-2025-225x300.webp 225w, https:\/\/juaccesoriosymoda.com\/wp-content\/uploads\/2025\/12\/detalle-navideno-2025-1152x1536.webp 1152w, https:\/\/juaccesoriosymoda.com\/wp-content\/uploads\/2025\/12\/detalle-navideno-2025-1536x2048.webp 1536w, https:\/\/juaccesoriosymoda.com\/wp-content\/uploads\/2025\/12\/detalle-navideno-2025-1000x1333.webp 1000w, https:\/\/juaccesoriosymoda.com\/wp-content\/uploads\/2025\/12\/detalle-navideno-2025-230x307.webp 230w, https:\/\/juaccesoriosymoda.com\/wp-content\/uploads\/2025\/12\/detalle-navideno-2025-350x467.webp 350w, https:\/\/juaccesoriosymoda.com\/wp-content\/uploads\/2025\/12\/detalle-navideno-2025-480x640.webp 480w, https:\/\/juaccesoriosymoda.com\/wp-content\/uploads\/2025\/12\/detalle-navideno-2025-800x1067.webp 800w, https:\/\/juaccesoriosymoda.com\/wp-content\/uploads\/2025\/12\/detalle-navideno-2025-scaled.webp 1920w\" sizes=\"(max-width: 768px) 100vw, 768px\" \/>\t\t\t\t\t\t\t\t\t\t\t\t\t\t\t<\/div>\n\t\t\t\t<\/div>\n\t\t\t\t<div class=\"elementor-element elementor-element-f063c4a elementor-widget elementor-widget-heading\" data-id=\"f063c4a\" data-element_type=\"widget\" data-widget_type=\"heading.default\">\n\t\t\t\t<div class=\"elementor-widget-container\">\n\t\t\t\t\t<h1 class=\"elementor-heading-title elementor-size-default\">Joyas JU A&amp;M a elecci\u00f3n<\/h1>\t\t\t\t<\/div>\n\t\t\t\t<\/div>\n\t\t\t\t\t<\/div>\n\t\t<\/div>\n\t\t\t\t<div class=\"elementor-column elementor-col-33 elementor-top-column elementor-element elementor-element-760d01d\" data-id=\"760d01d\" data-element_type=\"column\">\n\t\t\t<div class=\"elementor-widget-wrap elementor-element-populated\">\n\t\t\t\t\t\t<div class=\"elementor-element elementor-element-6fbd935 elementor-widget elementor-widget-image\" data-id=\"6fbd935\" data-element_type=\"widget\" data-widget_type=\"image.default\">\n\t\t\t\t<div class=\"elementor-widget-container\">\n\t\t\t\t\t\t\t\t\t\t\t\t\t\t\t<img decoding=\"async\" width=\"768\" height=\"1024\" src=\"https:\/\/juaccesoriosymoda.com\/wp-content\/uploads\/2025\/12\/Tarjetas-navidenas-2025-768x1024.webp\" class=\"attachment-large size-large wp-image-7204\" alt=\"\" srcset=\"https:\/\/juaccesoriosymoda.com\/wp-content\/uploads\/2025\/12\/Tarjetas-navidenas-2025-768x1024.webp 768w, https:\/\/juaccesoriosymoda.com\/wp-content\/uploads\/2025\/12\/Tarjetas-navidenas-2025-225x300.webp 225w, https:\/\/juaccesoriosymoda.com\/wp-content\/uploads\/2025\/12\/Tarjetas-navidenas-2025-1152x1536.webp 1152w, https:\/\/juaccesoriosymoda.com\/wp-content\/uploads\/2025\/12\/Tarjetas-navidenas-2025-1536x2048.webp 1536w, https:\/\/juaccesoriosymoda.com\/wp-content\/uploads\/2025\/12\/Tarjetas-navidenas-2025-1000x1333.webp 1000w, https:\/\/juaccesoriosymoda.com\/wp-content\/uploads\/2025\/12\/Tarjetas-navidenas-2025-230x307.webp 230w, https:\/\/juaccesoriosymoda.com\/wp-content\/uploads\/2025\/12\/Tarjetas-navidenas-2025-350x467.webp 350w, https:\/\/juaccesoriosymoda.com\/wp-content\/uploads\/2025\/12\/Tarjetas-navidenas-2025-480x640.webp 480w, https:\/\/juaccesoriosymoda.com\/wp-content\/uploads\/2025\/12\/Tarjetas-navidenas-2025-800x1067.webp 800w, https:\/\/juaccesoriosymoda.com\/wp-content\/uploads\/2025\/12\/Tarjetas-navidenas-2025-scaled.webp 1920w\" sizes=\"(max-width: 768px) 100vw, 768px\" \/>\t\t\t\t\t\t\t\t\t\t\t\t\t\t\t<\/div>\n\t\t\t\t<\/div>\n\t\t\t\t<div class=\"elementor-element elementor-element-738dacc elementor-widget elementor-widget-heading\" data-id=\"738dacc\" data-element_type=\"widget\" data-widget_type=\"heading.default\">\n\t\t\t\t<div class=\"elementor-widget-container\">\n\t\t\t\t\t<h1 class=\"elementor-heading-title elementor-size-default\">Tarjeta PARA - DE<\/h1>\t\t\t\t<\/div>\n\t\t\t\t<\/div>\n\t\t\t\t\t<\/div>\n\t\t<\/div>\n\t\t\t\t\t<\/div>\n\t\t<\/section>\n\t\t\t\t<section class=\"elementor-section elementor-top-section elementor-element elementor-element-2a3349a elementor-section-boxed elementor-section-height-default elementor-section-height-default\" data-id=\"2a3349a\" data-element_type=\"section\">\n\t\t\t\t\t\t<div class=\"elementor-container elementor-column-gap-default\">\n\t\t\t\t\t<div class=\"elementor-column elementor-col-100 elementor-top-column elementor-element elementor-element-01b6b02\" data-id=\"01b6b02\" data-element_type=\"column\">\n\t\t\t<div class=\"elementor-widget-wrap elementor-element-populated\">\n\t\t\t\t\t\t<div class=\"elementor-element elementor-element-cc22869 elementor-widget elementor-widget-text-editor\" data-id=\"cc22869\" data-element_type=\"widget\" data-widget_type=\"text-editor.default\">\n\t\t\t\t<div class=\"elementor-widget-container\">\n\t\t\t\t\t\t\t\t\t<p>Por eso dise\u00f1amos con mucho amor nuestros empaques navide\u00f1os para que sorprendas a esas personitas que llevas en el coraz\u00f3n y entregues un detalle \u00fanico y con mucho estilo.<\/p>\t\t\t\t\t\t\t\t<\/div>\n\t\t\t\t<\/div>\n\t\t\t\t\t<\/div>\n\t\t<\/div>\n\t\t\t\t\t<\/div>\n\t\t<\/section>\n\t\t\t\t<section class=\"elementor-section elementor-top-section elementor-element elementor-element-c346bcb elementor-section-boxed elementor-section-height-default elementor-section-height-default\" data-id=\"c346bcb\" data-element_type=\"section\">\n\t\t\t\t\t\t<div class=\"elementor-container elementor-column-gap-default\">\n\t\t\t\t\t<div class=\"elementor-column elementor-col-100 elementor-top-column elementor-element elementor-element-1d6e861\" data-id=\"1d6e861\" data-element_type=\"column\">\n\t\t\t<div class=\"elementor-widget-wrap elementor-element-populated\">\n\t\t\t\t\t\t<div class=\"elementor-element elementor-element-95cbf24 elementor-widget elementor-widget-text-editor\" data-id=\"95cbf24\" data-element_type=\"widget\" data-widget_type=\"text-editor.default\">\n\t\t\t\t<div class=\"elementor-widget-container\">\n\t\t\t\t\t\t\t\t\t<p style=\"text-align: center;\"><strong><span style=\"color: #993366;\">\u00a1 Celebremos Juntas Esta Navidad !<\/span>\u00a0<\/strong><\/p>\t\t\t\t\t\t\t\t<\/div>\n\t\t\t\t<\/div>\n\t\t\t\t\t<\/div>\n\t\t<\/div>\n\t\t\t\t\t<\/div>\n\t\t<\/section>\n\t\t\t\t<\/div>\n\t\t","protected":false},"excerpt":{"rendered":"<p>Christmas Gift Esta navidad regala tesoros llenos de amor, queremos que sientas la conexi\u00f3n y la magia de la navidad al momento [&hellip;]<\/p>\n","protected":false},"author":1,"featured_media":0,"parent":0,"menu_order":0,"comment_status":"closed","ping_status":"closed","template":"elementor_header_footer","meta":{"footnotes":""},"jetpack_sharing_enabled":true,"_links":{"self":[{"href":"https:\/\/juaccesoriosymoda.com\/index.php\/wp-json\/wp\/v2\/pages\/3249"}],"collection":[{"href":"https:\/\/juaccesoriosymoda.com\/index.php\/wp-json\/wp\/v2\/pages"}],"about":[{"href":"https:\/\/juaccesoriosymoda.com\/index.php\/wp-json\/wp\/v2\/types\/page"}],"author":[{"embeddable":true,"href":"https:\/\/juaccesoriosymoda.com\/index.php\/wp-json\/wp\/v2\/users\/1"}],"replies":[{"embeddable":true,"href":"https:\/\/juaccesoriosymoda.com\/index.php\/wp-json\/wp\/v2\/comments?post=3249"}],"version-history":[{"count":31,"href":"https:\/\/juaccesoriosymoda.com\/index.php\/wp-json\/wp\/v2\/pages\/3249\/revisions"}],"predecessor-version":[{"id":7255,"href":"https:\/\/juaccesoriosymoda.com\/index.php\/wp-json\/wp\/v2\/pages\/3249\/revisions\/7255"}],"wp:attachment":[{"href":"https:\/\/juaccesoriosymoda.com\/index.php\/wp-json\/wp\/v2\/media?parent=3249"}],"curies":[{"name":"wp","href":"https:\/\/api.w.org\/{rel}","templated":true}]}}