{"id":551,"date":"2022-01-31T19:49:58","date_gmt":"2022-01-31T19:49:58","guid":{"rendered":"https:\/\/juaccesoriosymoda.com\/?page_id=551"},"modified":"2026-04-12T05:45:15","modified_gmt":"2026-04-12T05:45:15","slug":"personalizados","status":"publish","type":"page","link":"https:\/\/juaccesoriosymoda.com\/index.php\/personalizados\/","title":{"rendered":"Personalizados"},"content":{"rendered":"\t\t<div data-elementor-type=\"wp-page\" data-elementor-id=\"551\" class=\"elementor elementor-551\">\n\t\t\t\t\t\t<section class=\"elementor-section elementor-top-section elementor-element elementor-element-73eb478 elementor-section-boxed elementor-section-height-default elementor-section-height-default\" data-id=\"73eb478\" data-element_type=\"section\">\n\t\t\t\t\t\t<div class=\"elementor-container elementor-column-gap-default\">\n\t\t\t\t\t<div class=\"elementor-column elementor-col-100 elementor-top-column elementor-element elementor-element-e9a1012\" data-id=\"e9a1012\" data-element_type=\"column\">\n\t\t\t<div class=\"elementor-widget-wrap elementor-element-populated\">\n\t\t\t\t\t\t<div class=\"elementor-element elementor-element-9ddbcc2 elementor-widget elementor-widget-text-editor\" data-id=\"9ddbcc2\" data-element_type=\"widget\" data-widget_type=\"text-editor.default\">\n\t\t\t\t<div class=\"elementor-widget-container\">\n\t\t\t\t\t\t\t\t\t<p>Personalizados<\/p>\t\t\t\t\t\t\t\t<\/div>\n\t\t\t\t<\/div>\n\t\t\t\t<div class=\"elementor-element elementor-element-821bac1 elementor-widget-divider--view-line elementor-widget elementor-widget-divider\" data-id=\"821bac1\" data-element_type=\"widget\" data-widget_type=\"divider.default\">\n\t\t\t\t<div class=\"elementor-widget-container\">\n\t\t\t\t\t\t\t<div class=\"elementor-divider\">\n\t\t\t<span class=\"elementor-divider-separator\">\n\t\t\t\t\t\t<\/span>\n\t\t<\/div>\n\t\t\t\t\t\t<\/div>\n\t\t\t\t<\/div>\n\t\t\t\t\t<\/div>\n\t\t<\/div>\n\t\t\t\t\t<\/div>\n\t\t<\/section>\n\t\t\t\t<section class=\"elementor-section elementor-top-section elementor-element elementor-element-06d7d88 elementor-section-boxed elementor-section-height-default elementor-section-height-default\" data-id=\"06d7d88\" data-element_type=\"section\">\n\t\t\t\t\t\t<div class=\"elementor-container elementor-column-gap-default\">\n\t\t\t\t\t<div class=\"elementor-column elementor-col-100 elementor-top-column elementor-element elementor-element-c8b0fdd\" data-id=\"c8b0fdd\" data-element_type=\"column\">\n\t\t\t<div class=\"elementor-widget-wrap elementor-element-populated\">\n\t\t\t\t\t\t<div class=\"elementor-element elementor-element-fcbfc8b elementor-widget elementor-widget-text-editor\" data-id=\"fcbfc8b\" data-element_type=\"widget\" data-widget_type=\"text-editor.default\">\n\t\t\t\t<div class=\"elementor-widget-container\">\n\t\t\t\t\t\t\t\t\t<p style=\"font-weight: 400;\">Al solicitar un dise\u00f1o personalizado, ya sea (Anillos, aretes, collares, pulseras o tobilleras) debes informarnos previamente directamente a nuestro <a href=\"https:\/\/wa.me\/message\/YJX7G4CAL6ACN1\">WhatsApp,<\/a> indic\u00e1ndonos\u00a0 c\u00f3mo lo deseas y ser <strong>muy espec\u00edfica<\/strong>\u00a0con las\u00a0<strong>medidas, tonalidades<\/strong>\u00a0y\u00a0<strong>referencias del producto<\/strong> (si tienes una imagen env\u00edala), de esta manera realizaremos la cotizaci\u00f3n de lo que deseas y despu\u00e9s de confirmada, deber\u00e1s <strong>abonar el 50% (la mitad) del valor total de tu compra<\/strong> para poder empezar con la elaboraci\u00f3n de tu dise\u00f1o personalizado.\u00a0\u00a0<\/p><p style=\"font-weight: 400;\">Pero antes te invito a visitar la categor\u00eda <a href=\"https:\/\/juaccesoriosymoda.com\/index.php\/guia-de-tallas\/\">\u201cGUIA DE TALLAS\u201d<\/a>\u00a0 para que identifiques cual es la medida exacta y la que deseas para tus accesorios o joyas y as\u00ed nos ayudas a dise\u00f1ar cada pieza a tu medida.\u00a0<\/p>\t\t\t\t\t\t\t\t<\/div>\n\t\t\t\t<\/div>\n\t\t\t\t\t<\/div>\n\t\t<\/div>\n\t\t\t\t\t<\/div>\n\t\t<\/section>\n\t\t\t\t<section class=\"elementor-section elementor-top-section elementor-element elementor-element-528c90a elementor-section-boxed elementor-section-height-default elementor-section-height-default\" data-id=\"528c90a\" data-element_type=\"section\">\n\t\t\t\t\t\t<div class=\"elementor-container elementor-column-gap-default\">\n\t\t\t\t\t<div class=\"elementor-column elementor-col-100 elementor-top-column elementor-element elementor-element-3e269b6\" data-id=\"3e269b6\" data-element_type=\"column\">\n\t\t\t<div class=\"elementor-widget-wrap elementor-element-populated\">\n\t\t\t\t\t\t<div class=\"elementor-element elementor-element-ee69bc0 elementor-widget elementor-widget-text-editor\" data-id=\"ee69bc0\" data-element_type=\"widget\" data-widget_type=\"text-editor.default\">\n\t\t\t\t<div class=\"elementor-widget-container\">\n\t\t\t\t\t\t\t\t\t<p>\u00a1Recuerda!<\/p>\t\t\t\t\t\t\t\t<\/div>\n\t\t\t\t<\/div>\n\t\t\t\t\t<\/div>\n\t\t<\/div>\n\t\t\t\t\t<\/div>\n\t\t<\/section>\n\t\t\t\t<section class=\"elementor-section elementor-top-section elementor-element elementor-element-95960ff elementor-section-boxed elementor-section-height-default elementor-section-height-default\" data-id=\"95960ff\" data-element_type=\"section\">\n\t\t\t\t\t\t<div class=\"elementor-container elementor-column-gap-default\">\n\t\t\t\t\t<div class=\"elementor-column elementor-col-100 elementor-top-column elementor-element elementor-element-e170ecf\" data-id=\"e170ecf\" data-element_type=\"column\">\n\t\t\t<div class=\"elementor-widget-wrap elementor-element-populated\">\n\t\t\t\t\t\t<div class=\"elementor-element elementor-element-4ae7c2f elementor-widget elementor-widget-text-editor\" data-id=\"4ae7c2f\" data-element_type=\"widget\" data-widget_type=\"text-editor.default\">\n\t\t\t\t<div class=\"elementor-widget-container\">\n\t\t\t\t\t\t\t\t\t<p style=\"font-weight: 400; text-align: left;\">Hacer tu pedido con m\u00ednimo de\u00a0<strong>5\u00a0<\/strong>a<strong>\u00a08 d\u00edas<\/strong>\u00a0o\u00a0<strong>un mes<\/strong>\u00a0de\u00a0<strong>ANTICIPACI\u00d3N<\/strong>\u00a0al d\u00eda que lo necesites, ya que si el dise\u00f1o es en bronce con ba\u00f1o en oro de 24 kilates tarda aproximadamente de<strong> 15<\/strong> a <strong>20<\/strong> d\u00edas su elaboraci\u00f3n, o dependiendo de la temporada puede tardar mucho m\u00e1s tiempo; de lo contrario\u00a0<strong>NO<\/strong>\u00a0nos comprometeremos a realizarlo.\u00a0<\/p>\t\t\t\t\t\t\t\t<\/div>\n\t\t\t\t<\/div>\n\t\t\t\t\t<\/div>\n\t\t<\/div>\n\t\t\t\t\t<\/div>\n\t\t<\/section>\n\t\t\t\t<\/div>\n\t\t","protected":false},"excerpt":{"rendered":"<p>Personalizados Al solicitar un dise\u00f1o personalizado, ya sea (Anillos, aretes, collares, pulseras o tobilleras) debes informarnos previamente directamente a nuestro WhatsApp, indic\u00e1ndonos\u00a0 [&hellip;]<\/p>\n","protected":false},"author":1,"featured_media":0,"parent":0,"menu_order":0,"comment_status":"closed","ping_status":"closed","template":"elementor_header_footer","meta":{"footnotes":""},"jetpack_sharing_enabled":true,"_links":{"self":[{"href":"https:\/\/juaccesoriosymoda.com\/index.php\/wp-json\/wp\/v2\/pages\/551"}],"collection":[{"href":"https:\/\/juaccesoriosymoda.com\/index.php\/wp-json\/wp\/v2\/pages"}],"about":[{"href":"https:\/\/juaccesoriosymoda.com\/index.php\/wp-json\/wp\/v2\/types\/page"}],"author":[{"embeddable":true,"href":"https:\/\/juaccesoriosymoda.com\/index.php\/wp-json\/wp\/v2\/users\/1"}],"replies":[{"embeddable":true,"href":"https:\/\/juaccesoriosymoda.com\/index.php\/wp-json\/wp\/v2\/comments?post=551"}],"version-history":[{"count":40,"href":"https:\/\/juaccesoriosymoda.com\/index.php\/wp-json\/wp\/v2\/pages\/551\/revisions"}],"predecessor-version":[{"id":7427,"href":"https:\/\/juaccesoriosymoda.com\/index.php\/wp-json\/wp\/v2\/pages\/551\/revisions\/7427"}],"wp:attachment":[{"href":"https:\/\/juaccesoriosymoda.com\/index.php\/wp-json\/wp\/v2\/media?parent=551"}],"curies":[{"name":"wp","href":"https:\/\/api.w.org\/{rel}","templated":true}]}}