{"id":553,"date":"2022-01-31T19:50:30","date_gmt":"2022-01-31T19:50:30","guid":{"rendered":"https:\/\/juaccesoriosymoda.com\/?page_id=553"},"modified":"2025-08-10T03:13:02","modified_gmt":"2025-08-10T03:13:02","slug":"acerca-de-nosotros","status":"publish","type":"page","link":"https:\/\/juaccesoriosymoda.com\/index.php\/acerca-de-nosotros\/","title":{"rendered":"Acerca de nosotros"},"content":{"rendered":"\t\t<div data-elementor-type=\"wp-page\" data-elementor-id=\"553\" class=\"elementor elementor-553\">\n\t\t\t\t\t\t<section class=\"elementor-section elementor-top-section elementor-element elementor-element-1e809fb elementor-section-boxed elementor-section-height-default elementor-section-height-default\" data-id=\"1e809fb\" data-element_type=\"section\">\n\t\t\t\t\t\t<div class=\"elementor-container elementor-column-gap-default\">\n\t\t\t\t\t<div class=\"elementor-column elementor-col-100 elementor-top-column elementor-element elementor-element-21a6d7f\" data-id=\"21a6d7f\" data-element_type=\"column\">\n\t\t\t<div class=\"elementor-widget-wrap elementor-element-populated\">\n\t\t\t\t\t\t<div class=\"elementor-element elementor-element-2a6441d elementor-widget elementor-widget-text-editor\" data-id=\"2a6441d\" data-element_type=\"widget\" data-widget_type=\"text-editor.default\">\n\t\t\t\t<div class=\"elementor-widget-container\">\n\t\t\t\t\t\t\t\t\t<p style=\"text-align: center;\">Acerca de Nosotros<\/p>\t\t\t\t\t\t\t\t<\/div>\n\t\t\t\t<\/div>\n\t\t\t\t<div class=\"elementor-element elementor-element-1f1f069 elementor-widget-divider--view-line elementor-widget elementor-widget-divider\" data-id=\"1f1f069\" data-element_type=\"widget\" data-widget_type=\"divider.default\">\n\t\t\t\t<div class=\"elementor-widget-container\">\n\t\t\t\t\t\t\t<div class=\"elementor-divider\">\n\t\t\t<span class=\"elementor-divider-separator\">\n\t\t\t\t\t\t<\/span>\n\t\t<\/div>\n\t\t\t\t\t\t<\/div>\n\t\t\t\t<\/div>\n\t\t\t\t\t<\/div>\n\t\t<\/div>\n\t\t\t\t\t<\/div>\n\t\t<\/section>\n\t\t\t\t<section class=\"elementor-section elementor-top-section elementor-element elementor-element-ef5e48b elementor-section-boxed elementor-section-height-default elementor-section-height-default\" data-id=\"ef5e48b\" data-element_type=\"section\">\n\t\t\t\t\t\t<div class=\"elementor-container elementor-column-gap-custom\">\n\t\t\t\t\t<div class=\"elementor-column elementor-col-50 elementor-top-column elementor-element elementor-element-60f8209\" data-id=\"60f8209\" data-element_type=\"column\">\n\t\t\t<div class=\"elementor-widget-wrap elementor-element-populated\">\n\t\t\t\t\t\t<div class=\"elementor-element elementor-element-a0a24f3 elementor-widget__width-inherit elementor-widget elementor-widget-image\" data-id=\"a0a24f3\" data-element_type=\"widget\" data-widget_type=\"image.default\">\n\t\t\t\t<div class=\"elementor-widget-container\">\n\t\t\t\t\t\t\t\t\t\t\t\t\t\t\t<img fetchpriority=\"high\" decoding=\"async\" width=\"768\" height=\"544\" src=\"https:\/\/juaccesoriosymoda.com\/wp-content\/uploads\/2025\/06\/Somos-JUAM-e1750564814940-768x544.webp\" class=\"attachment-medium_large size-medium_large wp-image-6878\" alt=\"\" srcset=\"https:\/\/juaccesoriosymoda.com\/wp-content\/uploads\/2025\/06\/Somos-JUAM-e1750564814940-768x544.webp 768w, https:\/\/juaccesoriosymoda.com\/wp-content\/uploads\/2025\/06\/Somos-JUAM-e1750564814940-300x212.webp 300w, https:\/\/juaccesoriosymoda.com\/wp-content\/uploads\/2025\/06\/Somos-JUAM-e1750564814940-1024x725.webp 1024w, https:\/\/juaccesoriosymoda.com\/wp-content\/uploads\/2025\/06\/Somos-JUAM-e1750564814940-1536x1087.webp 1536w, https:\/\/juaccesoriosymoda.com\/wp-content\/uploads\/2025\/06\/Somos-JUAM-e1750564814940-1000x708.webp 1000w, https:\/\/juaccesoriosymoda.com\/wp-content\/uploads\/2025\/06\/Somos-JUAM-e1750564814940-230x163.webp 230w, https:\/\/juaccesoriosymoda.com\/wp-content\/uploads\/2025\/06\/Somos-JUAM-e1750564814940-350x248.webp 350w, https:\/\/juaccesoriosymoda.com\/wp-content\/uploads\/2025\/06\/Somos-JUAM-e1750564814940-480x340.webp 480w, https:\/\/juaccesoriosymoda.com\/wp-content\/uploads\/2025\/06\/Somos-JUAM-e1750564814940-800x566.webp 800w, https:\/\/juaccesoriosymoda.com\/wp-content\/uploads\/2025\/06\/Somos-JUAM-e1750564814940.webp 1928w\" sizes=\"(max-width: 768px) 100vw, 768px\" \/>\t\t\t\t\t\t\t\t\t\t\t\t\t\t\t<\/div>\n\t\t\t\t<\/div>\n\t\t\t\t\t<\/div>\n\t\t<\/div>\n\t\t\t\t<div class=\"elementor-column elementor-col-50 elementor-top-column elementor-element elementor-element-2cfba54\" data-id=\"2cfba54\" data-element_type=\"column\">\n\t\t\t<div class=\"elementor-widget-wrap elementor-element-populated\">\n\t\t\t\t\t\t<div class=\"elementor-element elementor-element-e8eee03 elementor-widget elementor-widget-text-editor\" data-id=\"e8eee03\" data-element_type=\"widget\" data-widget_type=\"text-editor.default\">\n\t\t\t\t<div class=\"elementor-widget-container\">\n\t\t\t\t\t\t\t\t\t<p><strong>JULIANA URBANO ACCESORIOS &amp; MODA,&nbsp;<\/strong>es una marca de joyer\u00eda artesanal colombiana que naci\u00f3 el 15 de febrero del 2020, en la ciudad de Popay\u00e1n; creada por la dise\u00f1adora artesanal Juliana Andrea Urbano Mu\u00f1oz, a la cual, desde muy peque\u00f1a le apasionaba las artes, las manualidades, la moda y las joyas. Eligio su carrera para enfocarla en su pasi\u00f3n, el dise\u00f1o y la moda.<\/p>\n<p>Esta marca se caracteriza por ser elegante y moderna; para ELLA, las mujeres como fuente de elegancia, belleza y delicadeza, fueron su inspiraci\u00f3n para la creaci\u00f3n de este sue\u00f1o.<\/p>\n<p>\u201cCada mujer es un mundo diferente con su propio estilo y personalidad, por eso nuestro prop\u00f3sito es hacerte sentir \u00fanica, hermosa, poderosa, segura y sofisticada; empoderando, potencializando y resaltando el estilo y esencia de la mujer actual a la hora de usar nuestros&nbsp;accesorios&#8221;.<\/p>\t\t\t\t\t\t\t\t<\/div>\n\t\t\t\t<\/div>\n\t\t\t\t\t<\/div>\n\t\t<\/div>\n\t\t\t\t\t<\/div>\n\t\t<\/section>\n\t\t\t\t<section class=\"elementor-section elementor-top-section elementor-element elementor-element-97c91b8 elementor-section-boxed elementor-section-height-default elementor-section-height-default\" data-id=\"97c91b8\" data-element_type=\"section\">\n\t\t\t\t\t\t<div class=\"elementor-container elementor-column-gap-default\">\n\t\t\t\t\t<div class=\"elementor-column elementor-col-100 elementor-top-column elementor-element elementor-element-ce3073a\" data-id=\"ce3073a\" data-element_type=\"column\">\n\t\t\t<div class=\"elementor-widget-wrap elementor-element-populated\">\n\t\t\t\t\t\t<div class=\"elementor-element elementor-element-63d5579 elementor-widget elementor-widget-text-editor\" data-id=\"63d5579\" data-element_type=\"widget\" data-widget_type=\"text-editor.default\">\n\t\t\t\t<div class=\"elementor-widget-container\">\n\t\t\t\t\t\t\t\t\t<p>Manejamos tres l\u00edneas de joyas y accesorios, nuestra l\u00ednea LUXURY (de lujo, exclusiva y sofisticada), l\u00ednea ESENCIAL (s\u00f3lo perlas, cl\u00e1sica) y la l\u00ednea MODERNA (es m\u00e1s juvenil y colorida). En cada una de estas l\u00edneas nos inspiramos y dise\u00f1amos colecciones que est\u00e1n a la vanguardia de la moda, combinando diferentes materiales para lograr as\u00ed dise\u00f1ar productos exclusivos y de alta calidad.<\/p>\n<p>Nuestros dise\u00f1os son elaborados artesanalmente, ya que cada pieza es ensamblada 100 % a mano, contando con la ayuda de joyeros expertos para as\u00ed poder dise\u00f1ar piezas \u00fanicas que cuentan historias al momento de crear una nueva colecci\u00f3n.<\/p>\n<p>Cuidamos de cada detalle, seleccionando y ofreciendo a nuestros clientes materiales de alta calidad como acero, bronce con ba\u00f1o en oro de 24 kilates, diferentes piedras naturales, perlas y cristales.&nbsp;<\/p>\n<p style=\"text-indent: -18pt;\"><span lang=\"ES\" style=\"font-family:&quot;Century Gothic&quot;,sans-serif; mso-ansi-language:ES\"><o:p><\/o:p><\/span><\/p>\n<p>Nuestra dise\u00f1adora tambi\u00e9n brinda atenci\u00f3n personalizada, asesorando de acuerdo a los gustos y lo que desea cada cliente, dise\u00f1ando piezas \u00fanicas seg\u00fan su estilo.<\/p>\t\t\t\t\t\t\t\t<\/div>\n\t\t\t\t<\/div>\n\t\t\t\t\t<\/div>\n\t\t<\/div>\n\t\t\t\t\t<\/div>\n\t\t<\/section>\n\t\t\t\t<section class=\"elementor-section elementor-top-section elementor-element elementor-element-44b5193 elementor-section-boxed elementor-section-height-default elementor-section-height-default\" data-id=\"44b5193\" data-element_type=\"section\">\n\t\t\t\t\t\t<div class=\"elementor-container elementor-column-gap-default\">\n\t\t\t\t\t<div class=\"elementor-column elementor-col-100 elementor-top-column elementor-element elementor-element-63a9966\" data-id=\"63a9966\" data-element_type=\"column\">\n\t\t\t<div class=\"elementor-widget-wrap elementor-element-populated\">\n\t\t\t\t\t\t<div class=\"elementor-element elementor-element-a81c751 elementor-widget elementor-widget-text-editor\" data-id=\"a81c751\" data-element_type=\"widget\" data-widget_type=\"text-editor.default\">\n\t\t\t\t<div class=\"elementor-widget-container\">\n\t\t\t\t\t\t\t\t\t<p><b>\u00a1BIENVENIDOS a este sue\u00f1o; recuerda que aqu\u00ed\u2026 marcar\u00e1s tu estilo!<\/b><\/p><p><b>\u2661 \u2661 \u2661<\/b><\/p><p><b>#jumarcatuestilo<\/b><\/p>\t\t\t\t\t\t\t\t<\/div>\n\t\t\t\t<\/div>\n\t\t\t\t\t<\/div>\n\t\t<\/div>\n\t\t\t\t\t<\/div>\n\t\t<\/section>\n\t\t\t\t<\/div>\n\t\t","protected":false},"excerpt":{"rendered":"<p>Acerca de Nosotros JULIANA URBANO ACCESORIOS &amp; MODA,&nbsp;es una marca de joyer\u00eda artesanal colombiana que naci\u00f3 el 15 de febrero del 2020, [&hellip;]<\/p>\n","protected":false},"author":1,"featured_media":0,"parent":0,"menu_order":0,"comment_status":"closed","ping_status":"closed","template":"elementor_header_footer","meta":{"footnotes":""},"jetpack_sharing_enabled":true,"_links":{"self":[{"href":"https:\/\/juaccesoriosymoda.com\/index.php\/wp-json\/wp\/v2\/pages\/553"}],"collection":[{"href":"https:\/\/juaccesoriosymoda.com\/index.php\/wp-json\/wp\/v2\/pages"}],"about":[{"href":"https:\/\/juaccesoriosymoda.com\/index.php\/wp-json\/wp\/v2\/types\/page"}],"author":[{"embeddable":true,"href":"https:\/\/juaccesoriosymoda.com\/index.php\/wp-json\/wp\/v2\/users\/1"}],"replies":[{"embeddable":true,"href":"https:\/\/juaccesoriosymoda.com\/index.php\/wp-json\/wp\/v2\/comments?post=553"}],"version-history":[{"count":187,"href":"https:\/\/juaccesoriosymoda.com\/index.php\/wp-json\/wp\/v2\/pages\/553\/revisions"}],"predecessor-version":[{"id":7031,"href":"https:\/\/juaccesoriosymoda.com\/index.php\/wp-json\/wp\/v2\/pages\/553\/revisions\/7031"}],"wp:attachment":[{"href":"https:\/\/juaccesoriosymoda.com\/index.php\/wp-json\/wp\/v2\/media?parent=553"}],"curies":[{"name":"wp","href":"https:\/\/api.w.org\/{rel}","templated":true}]}}