{"id":555,"date":"2022-01-31T19:50:56","date_gmt":"2022-01-31T19:50:56","guid":{"rendered":"https:\/\/juaccesoriosymoda.com\/?page_id=555"},"modified":"2026-04-12T05:48:17","modified_gmt":"2026-04-12T05:48:17","slug":"materiales","status":"publish","type":"page","link":"https:\/\/juaccesoriosymoda.com\/index.php\/materiales\/","title":{"rendered":"Materiales"},"content":{"rendered":"\t\t<div data-elementor-type=\"wp-page\" data-elementor-id=\"555\" class=\"elementor elementor-555\">\n\t\t\t\t\t\t<section class=\"elementor-section elementor-top-section elementor-element elementor-element-867546c elementor-section-boxed elementor-section-height-default elementor-section-height-default\" data-id=\"867546c\" data-element_type=\"section\">\n\t\t\t\t\t\t<div class=\"elementor-container elementor-column-gap-default\">\n\t\t\t\t\t<div class=\"elementor-column elementor-col-100 elementor-top-column elementor-element elementor-element-468e6a2\" data-id=\"468e6a2\" data-element_type=\"column\">\n\t\t\t<div class=\"elementor-widget-wrap elementor-element-populated\">\n\t\t\t\t\t\t<div class=\"elementor-element elementor-element-595dcad elementor-widget elementor-widget-text-editor\" data-id=\"595dcad\" data-element_type=\"widget\" data-widget_type=\"text-editor.default\">\n\t\t\t\t<div class=\"elementor-widget-container\">\n\t\t\t\t\t\t\t\t\t<p>Materiales<\/p>\t\t\t\t\t\t\t\t<\/div>\n\t\t\t\t<\/div>\n\t\t\t\t<div class=\"elementor-element elementor-element-a1e2409 elementor-widget-divider--view-line elementor-widget elementor-widget-divider\" data-id=\"a1e2409\" data-element_type=\"widget\" data-widget_type=\"divider.default\">\n\t\t\t\t<div class=\"elementor-widget-container\">\n\t\t\t\t\t\t\t<div class=\"elementor-divider\">\n\t\t\t<span class=\"elementor-divider-separator\">\n\t\t\t\t\t\t<\/span>\n\t\t<\/div>\n\t\t\t\t\t\t<\/div>\n\t\t\t\t<\/div>\n\t\t\t\t\t<\/div>\n\t\t<\/div>\n\t\t\t\t\t<\/div>\n\t\t<\/section>\n\t\t\t\t<section class=\"elementor-section elementor-top-section elementor-element elementor-element-4945fb4 elementor-section-boxed elementor-section-height-default elementor-section-height-default\" data-id=\"4945fb4\" data-element_type=\"section\">\n\t\t\t\t\t\t<div class=\"elementor-container elementor-column-gap-default\">\n\t\t\t\t\t<div class=\"elementor-column elementor-col-100 elementor-top-column elementor-element elementor-element-2bcad27\" data-id=\"2bcad27\" data-element_type=\"column\">\n\t\t\t<div class=\"elementor-widget-wrap elementor-element-populated\">\n\t\t\t\t\t\t<div class=\"elementor-element elementor-element-5279825 elementor-widget elementor-widget-text-editor\" data-id=\"5279825\" data-element_type=\"widget\" data-widget_type=\"text-editor.default\">\n\t\t\t\t<div class=\"elementor-widget-container\">\n\t\t\t\t\t\t\t\t\t<p><strong>\u00bfEn que materiales est\u00e1n elaboradas nuestras joyas?<\/strong><\/p><p>Una pregunta que a diario nos hacen nuestras clientas, y aqu\u00ed en JU nos esmeramos para seleccionar materiales de alta calidad y ofrecerte siempre lo mejor.<\/p>\t\t\t\t\t\t\t\t<\/div>\n\t\t\t\t<\/div>\n\t\t\t\t\t<\/div>\n\t\t<\/div>\n\t\t\t\t\t<\/div>\n\t\t<\/section>\n\t\t\t\t<section class=\"elementor-section elementor-top-section elementor-element elementor-element-770d9bf elementor-section-boxed elementor-section-height-default elementor-section-height-default\" data-id=\"770d9bf\" data-element_type=\"section\">\n\t\t\t\t\t\t<div class=\"elementor-container elementor-column-gap-default\">\n\t\t\t\t\t<div class=\"elementor-column elementor-col-100 elementor-top-column elementor-element elementor-element-a767255 elementor-hidden-desktop\" data-id=\"a767255\" data-element_type=\"column\">\n\t\t\t<div class=\"elementor-widget-wrap elementor-element-populated\">\n\t\t\t\t\t\t<div class=\"elementor-element elementor-element-9076179 elementor-widget elementor-widget-text-editor\" data-id=\"9076179\" data-element_type=\"widget\" data-widget_type=\"text-editor.default\">\n\t\t\t\t<div class=\"elementor-widget-container\">\n\t\t\t\t\t\t\t\t\t<p style=\"font-weight: 400; text-align: center;\"><strong>BRONCE CON BA\u00d1O EN ORO DE 24 KILATES<\/strong><\/p><p>Es uno de los metales m\u00e1s usados en la joyer\u00eda. No es un metal puro, es una aleaci\u00f3n met\u00e1lica de cobre y esta\u00f1o que puede incluir otros metales como el ba\u00f1o de oro de 24 kilates.<\/p>\t\t\t\t\t\t\t\t<\/div>\n\t\t\t\t<\/div>\n\t\t\t\t\t<\/div>\n\t\t<\/div>\n\t\t\t\t\t<\/div>\n\t\t<\/section>\n\t\t\t\t<section class=\"elementor-section elementor-top-section elementor-element elementor-element-b423573 elementor-section-boxed elementor-section-height-default elementor-section-height-default\" data-id=\"b423573\" data-element_type=\"section\">\n\t\t\t\t\t\t<div class=\"elementor-container elementor-column-gap-default\">\n\t\t\t\t\t<div class=\"elementor-column elementor-col-50 elementor-top-column elementor-element elementor-element-ba682ea\" data-id=\"ba682ea\" data-element_type=\"column\">\n\t\t\t<div class=\"elementor-widget-wrap elementor-element-populated\">\n\t\t\t\t\t\t<div class=\"elementor-element elementor-element-b96d777 elementor-invisible elementor-widget elementor-widget-image\" data-id=\"b96d777\" data-element_type=\"widget\" data-settings=\"{&quot;_animation&quot;:&quot;fadeInLeft&quot;}\" data-widget_type=\"image.default\">\n\t\t\t\t<div class=\"elementor-widget-container\">\n\t\t\t\t\t\t\t\t\t\t\t\t\t\t\t<img fetchpriority=\"high\" decoding=\"async\" width=\"480\" height=\"631\" src=\"https:\/\/juaccesoriosymoda.com\/wp-content\/uploads\/2022\/09\/Bronce-1-480x631.webp\" class=\"attachment-sydney-mas-thumb size-sydney-mas-thumb wp-image-2625\" alt=\"\" srcset=\"https:\/\/juaccesoriosymoda.com\/wp-content\/uploads\/2022\/09\/Bronce-1-480x631.webp 480w, https:\/\/juaccesoriosymoda.com\/wp-content\/uploads\/2022\/09\/Bronce-1-scaled-800x1051.webp 800w, https:\/\/juaccesoriosymoda.com\/wp-content\/uploads\/2022\/09\/Bronce-1-228x300.webp 228w, https:\/\/juaccesoriosymoda.com\/wp-content\/uploads\/2022\/09\/Bronce-1-779x1024.webp 779w, https:\/\/juaccesoriosymoda.com\/wp-content\/uploads\/2022\/09\/Bronce-1-768x1009.webp 768w, https:\/\/juaccesoriosymoda.com\/wp-content\/uploads\/2022\/09\/Bronce-1-1169x1536.webp 1169w, https:\/\/juaccesoriosymoda.com\/wp-content\/uploads\/2022\/09\/Bronce-1-1558x2048.webp 1558w, https:\/\/juaccesoriosymoda.com\/wp-content\/uploads\/2022\/09\/Bronce-1-920x1209.webp 920w, https:\/\/juaccesoriosymoda.com\/wp-content\/uploads\/2022\/09\/Bronce-1-230x302.webp 230w, https:\/\/juaccesoriosymoda.com\/wp-content\/uploads\/2022\/09\/Bronce-1-350x460.webp 350w, https:\/\/juaccesoriosymoda.com\/wp-content\/uploads\/2022\/09\/Bronce-1-600x789.webp 600w, https:\/\/juaccesoriosymoda.com\/wp-content\/uploads\/2022\/09\/Bronce-1-scaled.webp 1948w\" sizes=\"(max-width: 480px) 100vw, 480px\" \/>\t\t\t\t\t\t\t\t\t\t\t\t\t\t\t<\/div>\n\t\t\t\t<\/div>\n\t\t\t\t\t<\/div>\n\t\t<\/div>\n\t\t\t\t<div class=\"elementor-column elementor-col-50 elementor-top-column elementor-element elementor-element-8d20c79 elementor-hidden-tablet elementor-hidden-mobile\" data-id=\"8d20c79\" data-element_type=\"column\">\n\t\t\t<div class=\"elementor-widget-wrap elementor-element-populated\">\n\t\t\t\t\t\t<div class=\"elementor-element elementor-element-aff52c2 elementor-widget elementor-widget-text-editor\" data-id=\"aff52c2\" data-element_type=\"widget\" data-widget_type=\"text-editor.default\">\n\t\t\t\t<div class=\"elementor-widget-container\">\n\t\t\t\t\t\t\t\t\t<p style=\"font-weight: 400; text-align: center;\"><strong>BRONCE CON BA\u00d1O EN ORO DE 24 KILATES<\/strong><\/p><p>Es uno de los metales m\u00e1s usados en la joyer\u00eda. No es un metal puro, es una aleaci\u00f3n met\u00e1lica de cobre y esta\u00f1o que puede incluir otros metales como el ba\u00f1o de oro de 24 kilates.<\/p>\t\t\t\t\t\t\t\t<\/div>\n\t\t\t\t<\/div>\n\t\t\t\t\t<\/div>\n\t\t<\/div>\n\t\t\t\t\t<\/div>\n\t\t<\/section>\n\t\t\t\t<section class=\"elementor-section elementor-top-section elementor-element elementor-element-d85ed34 elementor-section-boxed elementor-section-height-default elementor-section-height-default\" data-id=\"d85ed34\" data-element_type=\"section\">\n\t\t\t\t\t\t<div class=\"elementor-container elementor-column-gap-default\">\n\t\t\t\t\t<div class=\"elementor-column elementor-col-100 elementor-top-column elementor-element elementor-element-2681ebb elementor-hidden-desktop\" data-id=\"2681ebb\" data-element_type=\"column\">\n\t\t\t<div class=\"elementor-widget-wrap elementor-element-populated\">\n\t\t\t\t\t\t<div class=\"elementor-element elementor-element-b8e5e68 elementor-widget elementor-widget-text-editor\" data-id=\"b8e5e68\" data-element_type=\"widget\" data-widget_type=\"text-editor.default\">\n\t\t\t\t<div class=\"elementor-widget-container\">\n\t\t\t\t\t\t\t\t\t<p style=\"font-weight: 400; text-align: center;\"><b>ACERO INOXIDABLE<\/b><\/p>\n<p>Es antial\u00e9rgico, naturalmente plateado, se le puede aplicar una capa de color negro, dorado u oro rosa, es muy popular en la elaboraci\u00f3n de accesorios y joyas.<\/p>\t\t\t\t\t\t\t\t<\/div>\n\t\t\t\t<\/div>\n\t\t\t\t\t<\/div>\n\t\t<\/div>\n\t\t\t\t\t<\/div>\n\t\t<\/section>\n\t\t\t\t<section class=\"elementor-section elementor-top-section elementor-element elementor-element-f5bbd3d elementor-section-boxed elementor-section-height-default elementor-section-height-default\" data-id=\"f5bbd3d\" data-element_type=\"section\">\n\t\t\t\t\t\t<div class=\"elementor-container elementor-column-gap-default\">\n\t\t\t\t\t<div class=\"elementor-column elementor-col-50 elementor-top-column elementor-element elementor-element-f9b6853 elementor-hidden-tablet elementor-hidden-mobile\" data-id=\"f9b6853\" data-element_type=\"column\">\n\t\t\t<div class=\"elementor-widget-wrap elementor-element-populated\">\n\t\t\t\t\t\t<div class=\"elementor-element elementor-element-8f173ba elementor-widget elementor-widget-text-editor\" data-id=\"8f173ba\" data-element_type=\"widget\" data-widget_type=\"text-editor.default\">\n\t\t\t\t<div class=\"elementor-widget-container\">\n\t\t\t\t\t\t\t\t\t<p style=\"font-weight: 400; text-align: center;\"><strong>ACERO INOXIDABLE<\/strong><\/p><p>Es antial\u00e9rgico, naturalmente plateado, se le puede aplicar una capa de color negro, dorado u oro rosa, es muy popular en la elaboraci\u00f3n de accesorios.<\/p>\t\t\t\t\t\t\t\t<\/div>\n\t\t\t\t<\/div>\n\t\t\t\t\t<\/div>\n\t\t<\/div>\n\t\t\t\t<div class=\"elementor-column elementor-col-50 elementor-top-column elementor-element elementor-element-763cc10\" data-id=\"763cc10\" data-element_type=\"column\">\n\t\t\t<div class=\"elementor-widget-wrap elementor-element-populated\">\n\t\t\t\t\t\t<div class=\"elementor-element elementor-element-2c02a48 elementor-invisible elementor-widget elementor-widget-image\" data-id=\"2c02a48\" data-element_type=\"widget\" data-settings=\"{&quot;_animation&quot;:&quot;fadeInRight&quot;,&quot;_animation_mobile&quot;:&quot;fadeInRight&quot;}\" data-widget_type=\"image.default\">\n\t\t\t\t<div class=\"elementor-widget-container\">\n\t\t\t\t\t\t\t\t\t\t\t\t\t\t\t<img decoding=\"async\" width=\"768\" height=\"1024\" src=\"https:\/\/juaccesoriosymoda.com\/wp-content\/uploads\/2022\/09\/ACERO-768x1024.webp\" class=\"attachment-medium_large size-medium_large wp-image-2626\" alt=\"\" srcset=\"https:\/\/juaccesoriosymoda.com\/wp-content\/uploads\/2022\/09\/ACERO-768x1024.webp 768w, https:\/\/juaccesoriosymoda.com\/wp-content\/uploads\/2022\/09\/ACERO-scaled-800x1067.webp 800w, https:\/\/juaccesoriosymoda.com\/wp-content\/uploads\/2022\/09\/ACERO-225x300.webp 225w, https:\/\/juaccesoriosymoda.com\/wp-content\/uploads\/2022\/09\/ACERO-1152x1536.webp 1152w, https:\/\/juaccesoriosymoda.com\/wp-content\/uploads\/2022\/09\/ACERO-1536x2048.webp 1536w, https:\/\/juaccesoriosymoda.com\/wp-content\/uploads\/2022\/09\/ACERO-920x1227.webp 920w, https:\/\/juaccesoriosymoda.com\/wp-content\/uploads\/2022\/09\/ACERO-230x307.webp 230w, https:\/\/juaccesoriosymoda.com\/wp-content\/uploads\/2022\/09\/ACERO-350x467.webp 350w, https:\/\/juaccesoriosymoda.com\/wp-content\/uploads\/2022\/09\/ACERO-480x640.webp 480w, https:\/\/juaccesoriosymoda.com\/wp-content\/uploads\/2022\/09\/ACERO-600x800.webp 600w, https:\/\/juaccesoriosymoda.com\/wp-content\/uploads\/2022\/09\/ACERO-scaled.webp 1920w\" sizes=\"(max-width: 768px) 100vw, 768px\" \/>\t\t\t\t\t\t\t\t\t\t\t\t\t\t\t<\/div>\n\t\t\t\t<\/div>\n\t\t\t\t\t<\/div>\n\t\t<\/div>\n\t\t\t\t\t<\/div>\n\t\t<\/section>\n\t\t\t\t<\/div>\n\t\t","protected":false},"excerpt":{"rendered":"<p>Materiales \u00bfEn que materiales est\u00e1n elaboradas nuestras joyas? Una pregunta que a diario nos hacen nuestras clientas, y aqu\u00ed en JU nos [&hellip;]<\/p>\n","protected":false},"author":1,"featured_media":0,"parent":0,"menu_order":0,"comment_status":"closed","ping_status":"closed","template":"elementor_header_footer","meta":{"footnotes":""},"jetpack_sharing_enabled":true,"_links":{"self":[{"href":"https:\/\/juaccesoriosymoda.com\/index.php\/wp-json\/wp\/v2\/pages\/555"}],"collection":[{"href":"https:\/\/juaccesoriosymoda.com\/index.php\/wp-json\/wp\/v2\/pages"}],"about":[{"href":"https:\/\/juaccesoriosymoda.com\/index.php\/wp-json\/wp\/v2\/types\/page"}],"author":[{"embeddable":true,"href":"https:\/\/juaccesoriosymoda.com\/index.php\/wp-json\/wp\/v2\/users\/1"}],"replies":[{"embeddable":true,"href":"https:\/\/juaccesoriosymoda.com\/index.php\/wp-json\/wp\/v2\/comments?post=555"}],"version-history":[{"count":185,"href":"https:\/\/juaccesoriosymoda.com\/index.php\/wp-json\/wp\/v2\/pages\/555\/revisions"}],"predecessor-version":[{"id":7433,"href":"https:\/\/juaccesoriosymoda.com\/index.php\/wp-json\/wp\/v2\/pages\/555\/revisions\/7433"}],"wp:attachment":[{"href":"https:\/\/juaccesoriosymoda.com\/index.php\/wp-json\/wp\/v2\/media?parent=555"}],"curies":[{"name":"wp","href":"https:\/\/api.w.org\/{rel}","templated":true}]}}