{"id":6821,"date":"2024-12-09T23:00:29","date_gmt":"2024-12-09T23:00:29","guid":{"rendered":"https:\/\/juaccesoriosymoda.com\/?post_type=product&#038;p=6821"},"modified":"2026-01-02T20:39:15","modified_gmt":"2026-01-02T20:39:15","slug":"midi-relicario-heart-silver","status":"publish","type":"product","link":"https:\/\/juaccesoriosymoda.com\/index.php\/producto\/midi-relicario-heart-silver\/","title":{"rendered":"Midi Relicario Heart Necklace (Silver)"},"content":{"rendered":"<p><span style=\"color: #a9678e;\"><strong>\u2022<\/strong> Cadena y dije en acero inoxidable (Plateado), incluye<\/span><span style=\"color: #a9678e;\"><strong>\u00a0dos<\/strong> fotos <span class=\"OYPEnA font-feature-liga-off font-feature-clig-off font-feature-calt-off text-decoration-none text-strikethrough-none\">m\u00e1s cubrimiento de barniz y resina transparente que ayudar\u00e1n a conservar tus fotos por a\u00f1os<\/span><\/span><\/p>\n<p><span style=\"color: #a9678e;\"><strong>\u2022 <\/strong>El dise\u00f1o de la cadena puede variar (lisa, grabada, palitos o bolitas) seg\u00fan disponibilidad<\/span><\/p>\n<p><span style=\"color: #a9678e;\"><strong>\u2022 <\/strong>Si lo deseas, nos puedes enviar a nuestro correo <b>juaccesoriosymoda19@hotmail.<wbr \/>com<\/b> las dos fotos que quieras que vayan en \u00e9l y te lo enviamos listo ya que es un dise\u00f1o personalizado, por favor debes confirmarnos tu correo al momento de solicitarlo en nuestra l\u00ednea de whatsApp<\/span><\/p>\n<p><span style=\"color: #a9678e;\"><strong>\u2022<\/strong> Tama\u00f1o: Dije 2.9 cm &#8211; Cadena lisa 44 cms largo | Cadena palitos 45 cms largo + 6 cms extensi\u00f3n<\/span><\/p>\n<p><span style=\"color: #a9678e;\"><strong>\u2022 TIEMPO MINIMO DE ENTREGA:<\/strong> De 2 a 3 d\u00edas h\u00e1biles despu\u00e9s de confirmada la compra<\/span><\/p>\n","protected":false},"excerpt":{"rendered":"<p><span style=\"color: #a9678e;\"><strong>\u2022<\/strong> Cadena y dije en acero inoxidable (Plateado), incluye<\/span><span style=\"color: #a9678e;\"><strong>\u00a0dos<\/strong> fotos <span class=\"OYPEnA font-feature-liga-off font-feature-clig-off font-feature-calt-off text-decoration-none text-strikethrough-none\">m\u00e1s cubrimiento de barniz y resina transparente que ayudar\u00e1n a conservar tus fotos por a\u00f1os<\/span><\/span><\/p>\n<p><span style=\"color: #a9678e;\"><strong>\u2022 <\/strong>El dise\u00f1o de la cadena puede variar (lisa, grabada, palitos o bolitas) seg\u00fan disponibilidad<\/span><\/p>\n<p><span style=\"color: #a9678e;\"><strong>\u2022 <\/strong>Si lo deseas, nos puedes enviar a nuestro correo <b>juaccesoriosymoda19@hotmail.<wbr \/>com<\/b> las dos fotos que quieras que vayan en \u00e9l y te lo enviamos listo ya que es un dise\u00f1o personalizado, por favor debes confirmarnos tu correo al momento de solicitarlo en nuestra l\u00ednea de whatsApp<\/span><\/p>\n<p><span style=\"color: #a9678e;\"><strong>\u2022<\/strong> Tama\u00f1o: Dije 2.9 cm &#8211; Cadena lisa 44 cms largo | Cadena palitos 45 cms largo + 6 cms extensi\u00f3n<\/span><\/p>\n<p><span style=\"color: #a9678e;\"><strong>\u2022 TIEMPO MINIMO DE ENTREGA: <\/strong>De 2 a 3 d\u00edas h\u00e1biles despu\u00e9s de confirmada la compra<\/span><\/p>\n<p><span style=\"color: #a9678e;\">\u00a0<\/span><\/p>\n","protected":false},"featured_media":6822,"comment_status":"open","ping_status":"closed","template":"","meta":[],"product_cat":[60,48,66],"product_tag":[],"jetpack_sharing_enabled":true,"_links":{"self":[{"href":"https:\/\/juaccesoriosymoda.com\/index.php\/wp-json\/wp\/v2\/product\/6821"}],"collection":[{"href":"https:\/\/juaccesoriosymoda.com\/index.php\/wp-json\/wp\/v2\/product"}],"about":[{"href":"https:\/\/juaccesoriosymoda.com\/index.php\/wp-json\/wp\/v2\/types\/product"}],"replies":[{"embeddable":true,"href":"https:\/\/juaccesoriosymoda.com\/index.php\/wp-json\/wp\/v2\/comments?post=6821"}],"wp:featuredmedia":[{"embeddable":true,"href":"https:\/\/juaccesoriosymoda.com\/index.php\/wp-json\/wp\/v2\/media\/6822"}],"wp:attachment":[{"href":"https:\/\/juaccesoriosymoda.com\/index.php\/wp-json\/wp\/v2\/media?parent=6821"}],"wp:term":[{"taxonomy":"product_cat","embeddable":true,"href":"https:\/\/juaccesoriosymoda.com\/index.php\/wp-json\/wp\/v2\/product_cat?post=6821"},{"taxonomy":"product_tag","embeddable":true,"href":"https:\/\/juaccesoriosymoda.com\/index.php\/wp-json\/wp\/v2\/product_tag?post=6821"}],"curies":[{"name":"wp","href":"https:\/\/api.w.org\/{rel}","templated":true}]}}